{"id":2,"date":"2018-02-23T15:20:08","date_gmt":"2018-02-23T14:20:08","guid":{"rendered":"http:\/\/www.clear.pl\/?page_id=2"},"modified":"2020-10-22T16:09:42","modified_gmt":"2020-10-22T14:09:42","slug":"przykladowa-strona","status":"publish","type":"page","link":"http:\/\/www.clear.pl\/","title":{"rendered":"Kontakt: dlaciebie@dlaciebie.pl"},"content":{"rendered":"<p style=\"text-align: center;\">Interesuje Ci\u0119 domena Clear.pl? Mo\u017cesz j\u0105 kupi\u0107! Nie zwlekaj, skontaktuj si\u0119 ze mn\u0105 ju\u017c dzi\u015b i zapytaj o cen\u0119.<br \/>\nTo naprawd\u0119 wielka szansa dla Twojej firmy czy Twojego pomys\u0142u.<br \/>\nZapraszam,<br \/>\ndlaciebie@dlaciebie.pl<\/p>\n<p>&nbsp;<\/p>\n","protected":false},"excerpt":{"rendered":"<p>Interesuje Ci\u0119 domena Clear.pl? Mo\u017cesz j\u0105 kupi\u0107! Nie zwlekaj, skontaktuj si\u0119 ze mn\u0105 ju\u017c dzi\u015b i zapytaj o cen\u0119. To naprawd\u0119 wielka szansa dla Twojej firmy czy Twojego pomys\u0142u. Zapraszam, dlaciebie@dlaciebie.pl &nbsp;<\/p>\n","protected":false},"author":1,"featured_media":0,"parent":0,"menu_order":0,"comment_status":"closed","ping_status":"open","template":"","meta":[],"_links":{"self":[{"href":"http:\/\/www.clear.pl\/index.php?rest_route=\/wp\/v2\/pages\/2"}],"collection":[{"href":"http:\/\/www.clear.pl\/index.php?rest_route=\/wp\/v2\/pages"}],"about":[{"href":"http:\/\/www.clear.pl\/index.php?rest_route=\/wp\/v2\/types\/page"}],"author":[{"embeddable":true,"href":"http:\/\/www.clear.pl\/index.php?rest_route=\/wp\/v2\/users\/1"}],"replies":[{"embeddable":true,"href":"http:\/\/www.clear.pl\/index.php?rest_route=%2Fwp%2Fv2%2Fcomments&post=2"}],"version-history":[{"count":10,"href":"http:\/\/www.clear.pl\/index.php?rest_route=\/wp\/v2\/pages\/2\/revisions"}],"predecessor-version":[{"id":51,"href":"http:\/\/www.clear.pl\/index.php?rest_route=\/wp\/v2\/pages\/2\/revisions\/51"}],"wp:attachment":[{"href":"http:\/\/www.clear.pl\/index.php?rest_route=%2Fwp%2Fv2%2Fmedia&parent=2"}],"curies":[{"name":"wp","href":"https:\/\/api.w.org\/{rel}","templated":true}]}}